{"id":402,"date":"2022-07-12T14:53:48","date_gmt":"2022-07-12T12:53:48","guid":{"rendered":"https:\/\/www.joindots.de\/?page_id=402"},"modified":"2022-08-18T12:10:54","modified_gmt":"2022-08-18T10:10:54","slug":"b2b","status":"publish","type":"page","link":"https:\/\/www.joindots.de\/de\/b2b\/","title":{"rendered":"B2B"},"content":{"rendered":"\t\t<div data-elementor-type=\"wp-page\" data-elementor-id=\"402\" class=\"elementor elementor-402\">\n\t\t\t\t\t\t<section class=\"elementor-section elementor-top-section elementor-element elementor-element-5e66f176 elementor-section-content-top elementor-section-boxed elementor-section-height-default elementor-section-height-default\" data-id=\"5e66f176\" data-element_type=\"section\" data-e-type=\"section\">\n\t\t\t\t\t\t<div class=\"elementor-container elementor-column-gap-default\">\n\t\t\t\t\t<div class=\"elementor-column elementor-col-50 elementor-top-column elementor-element elementor-element-47112374\" data-id=\"47112374\" data-element_type=\"column\" data-e-type=\"column\">\n\t\t\t<div class=\"elementor-widget-wrap elementor-element-populated\">\n\t\t\t\t\t\t<div class=\"elementor-element elementor-element-5fc6aafc elementor-widget__width-auto elementor-invisible elementor-widget elementor-widget-heading\" data-id=\"5fc6aafc\" data-element_type=\"widget\" data-e-type=\"widget\" data-settings=\"{&quot;_animation&quot;:&quot;zoomIn&quot;}\" data-widget_type=\"heading.default\">\n\t\t\t\t<div class=\"elementor-widget-container\">\n\t\t\t\t\t<h2 class=\"elementor-heading-title elementor-size-default\">1<\/h2>\t\t\t\t<\/div>\n\t\t\t\t<\/div>\n\t\t\t\t<div class=\"elementor-element elementor-element-5b05f151 elementor-widget elementor-widget-heading\" data-id=\"5b05f151\" data-element_type=\"widget\" data-e-type=\"widget\" data-widget_type=\"heading.default\">\n\t\t\t\t<div class=\"elementor-widget-container\">\n\t\t\t\t\t<h2 class=\"elementor-heading-title elementor-size-default\">Euer Spiel ist fertig f\u00fcr den PC<\/h2>\t\t\t\t<\/div>\n\t\t\t\t<\/div>\n\t\t\t\t<div class=\"elementor-element elementor-element-5f7f981 elementor-widget elementor-widget-text-editor\" data-id=\"5f7f981\" data-element_type=\"widget\" data-e-type=\"widget\" data-widget_type=\"text-editor.default\">\n\t\t\t\t<div class=\"elementor-widget-container\">\n\t\t\t\t\t\t\t\t\t<p>Ihr habt ein Spiel, aber nicht die Expertise oder Zeit, um es f\u00fcr Konsolen zu portieren? Wir k\u00f6nnen die Ports erledigen, w\u00e4hrend ihr schon mit eurem n\u00e4chsten Projekt startet. Je nach eurem Bedarf und dem Spiel \u00fcbernehmen wir auch die Ver\u00f6ffentlichung des Produktes. Und wenn wir das Spiel publishen, m\u00fcsst ihr f\u00fcr die Portierung nichts bezahlen.<\/p>\t\t\t\t\t\t\t\t<\/div>\n\t\t\t\t<\/div>\n\t\t\t\t\t<\/div>\n\t\t<\/div>\n\t\t\t\t<div class=\"elementor-column elementor-col-50 elementor-top-column elementor-element elementor-element-53c0fc8\" data-id=\"53c0fc8\" data-element_type=\"column\" data-e-type=\"column\">\n\t\t\t<div class=\"elementor-widget-wrap elementor-element-populated\">\n\t\t\t\t\t\t<div class=\"elementor-element elementor-element-fe41ac9 elementor-widget__width-auto elementor-invisible elementor-widget elementor-widget-heading\" data-id=\"fe41ac9\" data-element_type=\"widget\" data-e-type=\"widget\" data-settings=\"{&quot;_animation&quot;:&quot;zoomIn&quot;}\" data-widget_type=\"heading.default\">\n\t\t\t\t<div class=\"elementor-widget-container\">\n\t\t\t\t\t<h2 class=\"elementor-heading-title elementor-size-default\">2<\/h2>\t\t\t\t<\/div>\n\t\t\t\t<\/div>\n\t\t\t\t<div class=\"elementor-element elementor-element-4505e70 elementor-widget elementor-widget-heading\" data-id=\"4505e70\" data-element_type=\"widget\" data-e-type=\"widget\" data-widget_type=\"heading.default\">\n\t\t\t\t<div class=\"elementor-widget-container\">\n\t\t\t\t\t<h2 class=\"elementor-heading-title elementor-size-default\">Ihr habt eine Marke<\/h2>\t\t\t\t<\/div>\n\t\t\t\t<\/div>\n\t\t\t\t<div class=\"elementor-element elementor-element-22f52f3 elementor-widget elementor-widget-text-editor\" data-id=\"22f52f3\" data-element_type=\"widget\" data-e-type=\"widget\" data-widget_type=\"text-editor.default\">\n\t\t\t\t<div class=\"elementor-widget-container\">\n\t\t\t\t\t\t\t\t\t<p>Wenn ihr eine IP, also eine bekannte Marke, besitzt und euer Gesch\u00e4ft erweitern m\u00f6chtet, entwickeln wir gerne Ideen f\u00fcr ein Videospiel mit eurer Marke. Das kann ein Spiel sein, welches gratis abgegeben wird, um neue Zielgruppen zu erreichen \u2013 oder auch ein Premium-Produkt.<\/p>\t\t\t\t\t\t\t\t<\/div>\n\t\t\t\t<\/div>\n\t\t\t\t\t<\/div>\n\t\t<\/div>\n\t\t\t\t\t<\/div>\n\t\t<\/section>\n\t\t\t\t<section class=\"elementor-section elementor-top-section elementor-element elementor-element-74d9426 elementor-section-content-top elementor-section-boxed elementor-section-height-default elementor-section-height-default\" data-id=\"74d9426\" data-element_type=\"section\" data-e-type=\"section\">\n\t\t\t\t\t\t<div class=\"elementor-container elementor-column-gap-default\">\n\t\t\t\t\t<div class=\"elementor-column elementor-col-50 elementor-top-column elementor-element elementor-element-b2d73eb\" data-id=\"b2d73eb\" data-element_type=\"column\" data-e-type=\"column\">\n\t\t\t<div class=\"elementor-widget-wrap elementor-element-populated\">\n\t\t\t\t\t\t<div class=\"elementor-element elementor-element-785619d elementor-widget__width-auto elementor-invisible elementor-widget elementor-widget-heading\" data-id=\"785619d\" data-element_type=\"widget\" data-e-type=\"widget\" data-settings=\"{&quot;_animation&quot;:&quot;zoomIn&quot;}\" data-widget_type=\"heading.default\">\n\t\t\t\t<div class=\"elementor-widget-container\">\n\t\t\t\t\t<h2 class=\"elementor-heading-title elementor-size-default\">3<\/h2>\t\t\t\t<\/div>\n\t\t\t\t<\/div>\n\t\t\t\t<div class=\"elementor-element elementor-element-3fe39e2 elementor-widget elementor-widget-heading\" data-id=\"3fe39e2\" data-element_type=\"widget\" data-e-type=\"widget\" data-widget_type=\"heading.default\">\n\t\t\t\t<div class=\"elementor-widget-container\">\n\t\t\t\t\t<h2 class=\"elementor-heading-title elementor-size-default\">Ihr braucht Hilfe \u2013 schnell<\/h2>\t\t\t\t<\/div>\n\t\t\t\t<\/div>\n\t\t\t\t<div class=\"elementor-element elementor-element-60405c4 elementor-widget elementor-widget-text-editor\" data-id=\"60405c4\" data-element_type=\"widget\" data-e-type=\"widget\" data-widget_type=\"text-editor.default\">\n\t\t\t\t<div class=\"elementor-widget-container\">\n\t\t\t\t\t\t\t\t\t<p>Ihr seid in der Videospielbranche t\u00e4tig, m\u00f6glicherweise als Publisher, und alle eure Teams arbeiten bereits auf Hochtouren. Aber es gibt noch ein weiteres Produkt, das f\u00fcr einen Multi-Plattform-Release zu Weihnachten portiert werden muss&#8230; Wendet euch an Thorsten. F\u00fcr solche Situationen hat er meist noch ein Ass im \u00c4rmel. Ihr findet ihn bei LinkedIn und Xing.<\/p>\t\t\t\t\t\t\t\t<\/div>\n\t\t\t\t<\/div>\n\t\t\t\t\t<\/div>\n\t\t<\/div>\n\t\t\t\t<div class=\"elementor-column elementor-col-50 elementor-top-column elementor-element elementor-element-4f7f825\" data-id=\"4f7f825\" data-element_type=\"column\" data-e-type=\"column\">\n\t\t\t<div class=\"elementor-widget-wrap elementor-element-populated\">\n\t\t\t\t\t\t<div class=\"elementor-element elementor-element-b8fa875 elementor-widget__width-auto elementor-invisible elementor-widget elementor-widget-heading\" data-id=\"b8fa875\" data-element_type=\"widget\" data-e-type=\"widget\" data-settings=\"{&quot;_animation&quot;:&quot;zoomIn&quot;}\" data-widget_type=\"heading.default\">\n\t\t\t\t<div class=\"elementor-widget-container\">\n\t\t\t\t\t<h2 class=\"elementor-heading-title elementor-size-default\">4<\/h2>\t\t\t\t<\/div>\n\t\t\t\t<\/div>\n\t\t\t\t<div class=\"elementor-element elementor-element-c0153db elementor-widget elementor-widget-heading\" data-id=\"c0153db\" data-element_type=\"widget\" data-e-type=\"widget\" data-widget_type=\"heading.default\">\n\t\t\t\t<div class=\"elementor-widget-container\">\n\t\t\t\t\t<h2 class=\"elementor-heading-title elementor-size-default\">Du hast eine Idee<\/h2>\t\t\t\t<\/div>\n\t\t\t\t<\/div>\n\t\t\t\t<div class=\"elementor-element elementor-element-5ce3b44 elementor-widget elementor-widget-text-editor\" data-id=\"5ce3b44\" data-element_type=\"widget\" data-e-type=\"widget\" data-widget_type=\"text-editor.default\">\n\t\t\t\t<div class=\"elementor-widget-container\">\n\t\t\t\t\t\t\t\t\t<p>Da ist diese eine Idee f\u00fcr ein Videospiel, die dir vor einiger Zeit in den Sinn gekommen ist \u2013 vielleicht unter der Dusche. Aber Du kannst nicht programmieren; vielleicht erstellst du Grafik oder machst Musik. Ganz egal was deine Passion ist \u2013 die Idee ist deine. Setze dich mit uns in Verbindung und gemeinsam k\u00f6nnen wir schauen, ob es einen Markt f\u00fcr deine Vision gibt.<\/p>\t\t\t\t\t\t\t\t<\/div>\n\t\t\t\t<\/div>\n\t\t\t\t\t<\/div>\n\t\t<\/div>\n\t\t\t\t\t<\/div>\n\t\t<\/section>\n\t\t\t\t<\/div>\n\t\t","protected":false},"excerpt":{"rendered":"<p>1 Euer Spiel ist fertig f\u00fcr den PC Ihr habt ein Spiel, aber nicht die Expertise oder Zeit, um es f\u00fcr Konsolen zu portieren? Wir k\u00f6nnen die Ports erledigen, w\u00e4hrend ihr schon mit eurem n\u00e4chsten Projekt startet. Je nach eurem Bedarf und dem Spiel \u00fcbernehmen wir auch die Ver\u00f6ffentlichung des Produktes. Und wenn wir das [&hellip;]<\/p>\n","protected":false},"author":1,"featured_media":0,"parent":0,"menu_order":0,"comment_status":"closed","ping_status":"closed","template":"","meta":{"footnotes":""},"class_list":["post-402","page","type-page","status-publish","hentry"],"_links":{"self":[{"href":"https:\/\/www.joindots.de\/de\/wp-json\/wp\/v2\/pages\/402","targetHints":{"allow":["GET"]}}],"collection":[{"href":"https:\/\/www.joindots.de\/de\/wp-json\/wp\/v2\/pages"}],"about":[{"href":"https:\/\/www.joindots.de\/de\/wp-json\/wp\/v2\/types\/page"}],"author":[{"embeddable":true,"href":"https:\/\/www.joindots.de\/de\/wp-json\/wp\/v2\/users\/1"}],"replies":[{"embeddable":true,"href":"https:\/\/www.joindots.de\/de\/wp-json\/wp\/v2\/comments?post=402"}],"version-history":[{"count":75,"href":"https:\/\/www.joindots.de\/de\/wp-json\/wp\/v2\/pages\/402\/revisions"}],"predecessor-version":[{"id":2524,"href":"https:\/\/www.joindots.de\/de\/wp-json\/wp\/v2\/pages\/402\/revisions\/2524"}],"wp:attachment":[{"href":"https:\/\/www.joindots.de\/de\/wp-json\/wp\/v2\/media?parent=402"}],"curies":[{"name":"wp","href":"https:\/\/api.w.org\/{rel}","templated":true}]}}