{"id":31,"date":"2020-01-22T21:05:44","date_gmt":"2020-01-22T20:05:44","guid":{"rendered":"https:\/\/xion.progressionstudios.com\/?page_id=31"},"modified":"2022-08-10T12:17:53","modified_gmt":"2022-08-10T10:17:53","slug":"ueber_uns","status":"publish","type":"page","link":"https:\/\/www.joindots.de\/de\/ueber_uns\/","title":{"rendered":"\u00dcber uns"},"content":{"rendered":"\t\t<div data-elementor-type=\"wp-page\" data-elementor-id=\"31\" class=\"elementor elementor-31 elementor-1053\">\n\t\t\t\t\t\t<section class=\"elementor-section elementor-top-section elementor-element elementor-element-5d34a124 elementor-section-boxed elementor-section-height-default elementor-section-height-default\" data-id=\"5d34a124\" data-element_type=\"section\" data-e-type=\"section\" data-settings=\"{&quot;background_background&quot;:&quot;classic&quot;}\">\n\t\t\t\t\t\t\t<div class=\"elementor-background-overlay\"><\/div>\n\t\t\t\t\t\t\t<div class=\"elementor-container elementor-column-gap-default\">\n\t\t\t\t\t<div class=\"elementor-column elementor-col-50 elementor-top-column elementor-element elementor-element-275a3f82\" data-id=\"275a3f82\" data-element_type=\"column\" data-e-type=\"column\" data-settings=\"{&quot;background_background&quot;:&quot;classic&quot;}\">\n\t\t\t<div class=\"elementor-widget-wrap elementor-element-populated\">\n\t\t\t\t\t\t<div class=\"elementor-element elementor-element-2d1daaae elementor-widget elementor-widget-heading\" data-id=\"2d1daaae\" data-element_type=\"widget\" data-e-type=\"widget\" data-widget_type=\"heading.default\">\n\t\t\t\t<div class=\"elementor-widget-container\">\n\t\t\t\t\t<h5 class=\"elementor-heading-title elementor-size-default\">1987 entdeckte Thorsten \u2013 unser Gr\u00fcnder und Gesch\u00e4ftsf\u00fchrer \u2013 den Arcade-Videospielautomaten f\u00fcr sich. Er spielte Titel wie R-Type (Nintendo), Shinobi (SEGA) oder Flying Shark (Taito). Tats\u00e4chlich entstand in diesen Tagen seine Liebe zu Videospielen. Von seinen Eltern bekam er einen C64 und sp\u00e4ter auch einen Amiga geschenkt, was ihm erm\u00f6glichte, die klassischen Spiele der 1980er und 90er zu erleben. Weiter ging es dann am PC mit Titeln wie Dune (Virgin Games) oder der Monkey Island Serie (LucasArts). Seine wahre Leidenschaft galt jedoch den Arcade-Spielen. Und diese lie\u00dfen sich damals am besten auf einer PlayStation 1 erleben. Unz\u00e4hlige N\u00e4chte vergingen, in denen Thorsten und sein Bruder Lars auf der PlayStation 1 in spa\u00dfige Spielrunden eintauchten.<\/h5>\t\t\t\t<\/div>\n\t\t\t\t<\/div>\n\t\t\t\t<div class=\"elementor-element elementor-element-570f0ef0 elementor-widget elementor-widget-text-editor\" data-id=\"570f0ef0\" data-element_type=\"widget\" data-e-type=\"widget\" data-widget_type=\"text-editor.default\">\n\t\t\t\t<div class=\"elementor-widget-container\">\n\t\t\t\t\t\t\t\t\tNach zwei Jahren H\u00f6here Handelsschule und einer Ausbildung zum Datenverarbeitungskaufmann startete Thorsten 1998 in der Videospielbranche. 10 Jahre sp\u00e4ter \u2013 in 2008 \u2013 wurde die Joindots GmbH gegr\u00fcndet. In den ersten Jahren konzentrierten wir uns auf die Plattformen von Nintendo, wie Nintendo DS, 3DS, Wii und Wii U.\t\t\t\t\t\t\t\t<\/div>\n\t\t\t\t<\/div>\n\t\t\t\t<div class=\"elementor-element elementor-element-611534e elementor-widget elementor-widget-text-editor\" data-id=\"611534e\" data-element_type=\"widget\" data-e-type=\"widget\" data-widget_type=\"text-editor.default\">\n\t\t\t\t<div class=\"elementor-widget-container\">\n\t\t\t\t\t\t\t\t\tHeute erstellen wir Videospiele f\u00fcr alle Konsolen, wie Nintendo Switch, Playstation 5 und Xbox Series X|S. Unsere Titel sind darauf ausgelegt, einen schnellen Einstieg ins Spiel zu erm\u00f6glichen \u2013 so wie es in den 1980er Jahren bei den Arcade-Spielautomaten \u00fcblich war. Wir arbeiten leidenschaftlich daran, dass unsere Spiele der ganzen Familie Spa\u00df machen.<br><br>Inspiriert von den Arcade-Spielen vergangener Zeiten, bieten unsere Spiele genau das, was ein Gelegenheitsspiel \u2013 auch Casual Game genannt \u2013 ausmacht: du kannst es f\u00fcr 10 Minuten spielen oder viele Stunden Spa\u00df haben \u2013 ganz wie es f\u00fcr dich passt. Wir gehen immer den \u201eleicht zu lernen, aber schwer zu meistern\u201c-Weg, um dir einen schnellen Start in das Spielerlebnis zu erm\u00f6glichen. Dennoch kannst Du nat\u00fcrlich auch ganz tief in das Spiel eintauchen, um alle Herausforderungen zu meistern.\t\t\t\t\t\t\t\t<\/div>\n\t\t\t\t<\/div>\n\t\t\t\t\t<\/div>\n\t\t<\/div>\n\t\t\t\t<div class=\"elementor-column elementor-col-50 elementor-top-column elementor-element elementor-element-d792e4\" data-id=\"d792e4\" data-element_type=\"column\" data-e-type=\"column\" data-settings=\"{&quot;background_background&quot;:&quot;classic&quot;}\">\n\t\t\t<div class=\"elementor-widget-wrap\">\n\t\t\t\t\t\t\t<\/div>\n\t\t<\/div>\n\t\t\t\t\t<\/div>\n\t\t<\/section>\n\t\t\t\t<\/div>\n\t\t","protected":false},"excerpt":{"rendered":"<p>1987 entdeckte Thorsten \u2013 unser Gr\u00fcnder und Gesch\u00e4ftsf\u00fchrer \u2013 den Arcade-Videospielautomaten f\u00fcr sich. Er spielte Titel wie R-Type (Nintendo), Shinobi (SEGA) oder Flying Shark (Taito). Tats\u00e4chlich entstand in diesen Tagen seine Liebe zu Videospielen. Von seinen Eltern bekam er einen C64 und sp\u00e4ter auch einen Amiga geschenkt, was ihm erm\u00f6glichte, die klassischen Spiele der 1980er [&hellip;]<\/p>\n","protected":false},"author":1,"featured_media":0,"parent":0,"menu_order":0,"comment_status":"closed","ping_status":"closed","template":"","meta":{"footnotes":""},"class_list":["post-31","page","type-page","status-publish","hentry"],"_links":{"self":[{"href":"https:\/\/www.joindots.de\/de\/wp-json\/wp\/v2\/pages\/31","targetHints":{"allow":["GET"]}}],"collection":[{"href":"https:\/\/www.joindots.de\/de\/wp-json\/wp\/v2\/pages"}],"about":[{"href":"https:\/\/www.joindots.de\/de\/wp-json\/wp\/v2\/types\/page"}],"author":[{"embeddable":true,"href":"https:\/\/www.joindots.de\/de\/wp-json\/wp\/v2\/users\/1"}],"replies":[{"embeddable":true,"href":"https:\/\/www.joindots.de\/de\/wp-json\/wp\/v2\/comments?post=31"}],"version-history":[{"count":162,"href":"https:\/\/www.joindots.de\/de\/wp-json\/wp\/v2\/pages\/31\/revisions"}],"predecessor-version":[{"id":1292,"href":"https:\/\/www.joindots.de\/de\/wp-json\/wp\/v2\/pages\/31\/revisions\/1292"}],"wp:attachment":[{"href":"https:\/\/www.joindots.de\/de\/wp-json\/wp\/v2\/media?parent=31"}],"curies":[{"name":"wp","href":"https:\/\/api.w.org\/{rel}","templated":true}]}}